{"id":31,"date":"2019-01-16T13:01:54","date_gmt":"2019-01-16T13:01:54","guid":{"rendered":"https:\/\/woocommercecore.mystagingwebsite.com\/product\/album\/"},"modified":"2025-09-15T03:35:08","modified_gmt":"2025-09-15T03:35:08","slug":"combo-numero-8","status":"publish","type":"product","link":"https:\/\/bufetsabororiental.com\/index.php\/product\/combo-numero-8\/","title":{"rendered":"COMBO NUMERO 8"},"content":{"rendered":"<p><strong>Realiza tu pedido en nuestra plataforma y un asesor te ayudara por WhatsApp para coordinar tu entrega a Domicilio.<\/strong><\/p>\n<h2><a href=\"https:\/\/wa.me\/0962388888?text=Deseo%20realizar%20un%20pedido%20me%20ayuda%20el%20men\u00fa\"><strong><span style=\"color: #ff0000;\">CLICK AQUI<\/span><\/strong><\/a> un asesor te atender\u00e1<\/h2>\n<p><strong>Gracias por elegirnos.<\/strong><\/p>\n<p><strong>Chifa Sabor Oriental<\/strong><\/p>\n","protected":false},"excerpt":{"rendered":"<p>Medio (1\/2) Tallar\u00edn, m\u00e1s (+) consom\u00e9 natural, m\u00e1s (+) cola personal<\/p>\n","protected":false},"featured_media":1642,"comment_status":"open","ping_status":"closed","template":"","meta":{"inline_featured_image":false},"product_brand":[],"product_cat":[30],"product_tag":[59,74,73],"class_list":{"0":"post-31","1":"product","2":"type-product","3":"status-publish","4":"has-post-thumbnail","6":"product_cat-combos","7":"product_tag-chifa-sabor-oriental","8":"product_tag-combos-comida-en-quito","9":"product_tag-tallarin-mas-consome-chifa-quito","11":"first","12":"instock","13":"taxable","14":"shipping-taxable","15":"purchasable","16":"product-type-simple"},"_links":{"self":[{"href":"https:\/\/bufetsabororiental.com\/index.php\/wp-json\/wp\/v2\/product\/31","targetHints":{"allow":["GET"]}}],"collection":[{"href":"https:\/\/bufetsabororiental.com\/index.php\/wp-json\/wp\/v2\/product"}],"about":[{"href":"https:\/\/bufetsabororiental.com\/index.php\/wp-json\/wp\/v2\/types\/product"}],"replies":[{"embeddable":true,"href":"https:\/\/bufetsabororiental.com\/index.php\/wp-json\/wp\/v2\/comments?post=31"}],"wp:featuredmedia":[{"embeddable":true,"href":"https:\/\/bufetsabororiental.com\/index.php\/wp-json\/wp\/v2\/media\/1642"}],"wp:attachment":[{"href":"https:\/\/bufetsabororiental.com\/index.php\/wp-json\/wp\/v2\/media?parent=31"}],"wp:term":[{"taxonomy":"product_brand","embeddable":true,"href":"https:\/\/bufetsabororiental.com\/index.php\/wp-json\/wp\/v2\/product_brand?post=31"},{"taxonomy":"product_cat","embeddable":true,"href":"https:\/\/bufetsabororiental.com\/index.php\/wp-json\/wp\/v2\/product_cat?post=31"},{"taxonomy":"product_tag","embeddable":true,"href":"https:\/\/bufetsabororiental.com\/index.php\/wp-json\/wp\/v2\/product_tag?post=31"}],"curies":[{"name":"wp","href":"https:\/\/api.w.org\/{rel}","templated":true}]}}